{"id":14075,"date":"2024-10-18T11:20:18","date_gmt":"2024-10-18T15:20:18","guid":{"rendered":"https:\/\/clinique-readaptation-physique.mysites.io\/?page_id=14075"},"modified":"2026-03-11T14:49:56","modified_gmt":"2026-03-11T18:49:56","slug":"careers","status":"publish","type":"page","link":"https:\/\/physioroussillon.com\/en\/careers\/","title":{"rendered":"Careers"},"content":{"rendered":"\t\t<div data-elementor-type=\"wp-page\" data-elementor-id=\"14075\" class=\"elementor elementor-14075 elementor-6710\" data-elementor-post-type=\"page\">\n\t\t\t\t\t\t<section class=\"elementor-section elementor-top-section elementor-element elementor-element-0f7de47 elementor-section-boxed elementor-section-height-default elementor-section-height-default\" data-id=\"0f7de47\" data-element_type=\"section\">\n\t\t\t\t\t\t<div class=\"elementor-container elementor-column-gap-default\">\n\t\t\t\t\t<div class=\"elementor-column elementor-col-100 elementor-top-column elementor-element elementor-element-bfbc4c4\" data-id=\"bfbc4c4\" data-element_type=\"column\">\n\t\t\t<div class=\"elementor-widget-wrap elementor-element-populated\">\n\t\t\t\t\t\t<div class=\"elementor-element elementor-element-2595462 elementor-widget elementor-widget-template\" data-id=\"2595462\" data-element_type=\"widget\" data-widget_type=\"template.default\">\n\t\t\t\t<div class=\"elementor-widget-container\">\n\t\t\t\t\t\t\t<div class=\"elementor-template\">\n\t\t\t\t\t<div data-elementor-type=\"page\" data-elementor-id=\"13709\" class=\"elementor elementor-13709 elementor-12115\" data-elementor-post-type=\"elementor_library\">\n\t\t\t\t\t\t<section class=\"elementor-section elementor-top-section elementor-element elementor-element-760f31dd elementor-section-stretched elementor-section-full_width elementor-section-height-default elementor-section-height-default\" data-id=\"760f31dd\" data-element_type=\"section\" data-settings=\"{&quot;background_background&quot;:&quot;classic&quot;,&quot;stretch_section&quot;:&quot;section-stretched&quot;,&quot;background_motion_fx_motion_fx_scrolling&quot;:&quot;yes&quot;,&quot;background_motion_fx_translateY_effect&quot;:&quot;yes&quot;,&quot;background_motion_fx_translateY_speed&quot;:{&quot;unit&quot;:&quot;px&quot;,&quot;size&quot;:6,&quot;sizes&quot;:[]},&quot;background_motion_fx_translateY_affectedRange&quot;:{&quot;unit&quot;:&quot;%&quot;,&quot;size&quot;:&quot;&quot;,&quot;sizes&quot;:{&quot;start&quot;:0,&quot;end&quot;:100}},&quot;background_motion_fx_devices&quot;:[&quot;desktop&quot;,&quot;tablet&quot;,&quot;mobile&quot;]}\">\n\t\t\t\t\t\t\t<div class=\"elementor-background-overlay\"><\/div>\n\t\t\t\t\t\t\t<div class=\"elementor-container elementor-column-gap-default\">\n\t\t\t\t\t<div class=\"elementor-column elementor-col-100 elementor-top-column elementor-element elementor-element-15e91121\" data-id=\"15e91121\" data-element_type=\"column\">\n\t\t\t<div class=\"elementor-widget-wrap elementor-element-populated\">\n\t\t\t\t\t\t<section class=\"elementor-section elementor-inner-section elementor-element elementor-element-4cd20bf7 elementor-section-boxed elementor-section-height-default elementor-section-height-default\" data-id=\"4cd20bf7\" data-element_type=\"section\">\n\t\t\t\t\t\t<div class=\"elementor-container elementor-column-gap-default\">\n\t\t\t\t\t<div class=\"elementor-column elementor-col-100 elementor-inner-column elementor-element elementor-element-7413ced6\" data-id=\"7413ced6\" data-element_type=\"column\">\n\t\t\t<div class=\"elementor-widget-wrap elementor-element-populated\">\n\t\t\t\t\t\t<div class=\"elementor-element elementor-element-464b26 elementor-widget elementor-widget-heading\" data-id=\"464b26\" data-element_type=\"widget\" data-widget_type=\"heading.default\">\n\t\t\t\t<div class=\"elementor-widget-container\">\n\t\t\t\t\t<h1 class=\"elementor-heading-title elementor-size-default\">Careers<\/h1>\t\t\t\t<\/div>\n\t\t\t\t<\/div>\n\t\t\t\t\t<\/div>\n\t\t<\/div>\n\t\t\t\t\t<\/div>\n\t\t<\/section>\n\t\t\t\t<section class=\"elementor-section elementor-inner-section elementor-element elementor-element-2cf33812 elementor-section-boxed elementor-section-height-default elementor-section-height-default\" data-id=\"2cf33812\" data-element_type=\"section\">\n\t\t\t\t\t\t<div class=\"elementor-container elementor-column-gap-default\">\n\t\t\t\t\t<div class=\"elementor-column elementor-col-100 elementor-inner-column elementor-element elementor-element-5f54f31b\" data-id=\"5f54f31b\" data-element_type=\"column\" id=\"breadcrumbs\" data-settings=\"{&quot;background_background&quot;:&quot;classic&quot;}\">\n\t\t\t<div class=\"elementor-widget-wrap elementor-element-populated\">\n\t\t\t\t\t\t<div class=\"elementor-element elementor-element-b7dacbc elementor-widget elementor-widget-global elementor-global-13687 elementor-global-12755 elementor-widget-breadcrumbs\" data-id=\"b7dacbc\" data-element_type=\"widget\" data-widget_type=\"breadcrumbs.default\">\n\t\t\t\t<div class=\"elementor-widget-container\">\n\t\t\t\t\t<p id=\"breadcrumbs\"><span><span><a href=\"https:\/\/physioroussillon.com\/en\/\">Home<\/a><\/span><\/span><\/p>\t\t\t\t<\/div>\n\t\t\t\t<\/div>\n\t\t\t\t\t<\/div>\n\t\t<\/div>\n\t\t\t\t\t<\/div>\n\t\t<\/section>\n\t\t\t\t\t<\/div>\n\t\t<\/div>\n\t\t\t\t\t<\/div>\n\t\t<\/section>\n\t\t\t\t<\/div>\n\t\t\t\t<\/div>\n\t\t\t\t\t\t<\/div>\n\t\t\t\t<\/div>\n\t\t\t\t\t<\/div>\n\t\t<\/div>\n\t\t\t\t\t<\/div>\n\t\t<\/section>\n\t\t\t\t<section class=\"elementor-section elementor-top-section elementor-element elementor-element-1ba8120 elementor-section-boxed elementor-section-height-default elementor-section-height-default\" data-id=\"1ba8120\" data-element_type=\"section\">\n\t\t\t\t\t\t<div class=\"elementor-container elementor-column-gap-default\">\n\t\t\t\t\t<div class=\"elementor-column elementor-col-100 elementor-top-column elementor-element elementor-element-e2635c4\" data-id=\"e2635c4\" data-element_type=\"column\">\n\t\t\t<div class=\"elementor-widget-wrap elementor-element-populated\">\n\t\t\t\t\t\t<div class=\"elementor-element elementor-element-49ff45d elementor-widget elementor-widget-text-editor\" data-id=\"49ff45d\" data-element_type=\"widget\" data-widget_type=\"text-editor.default\">\n\t\t\t\t<div class=\"elementor-widget-container\">\n\t\t\t\t\t\t\t\t\t<h3><span style=\"font-weight: 400; letter-spacing: normal; caret-color: #000000; color: #000000;\">We&nbsp;<\/span><span style=\"font-weight: 400; letter-spacing: normal; caret-color: #000000; color: #000000;\">are&nbsp;<\/span><span style=\"font-weight: 400; letter-spacing: normal; caret-color: #000000; color: #000000;\">currently&nbsp;<\/span><span style=\"font-weight: 400; letter-spacing: normal; caret-color: #000000; color: #000000;\">looking&nbsp;<\/span><span style=\"font-weight: 400; letter-spacing: normal; caret-color: #000000; color: #000000;\">for :<\/span><\/h3>\n<ul>\n<li style=\"caret-color: #000000; color: #000000;\" data-start=\"0\" data-end=\"239\">A full-time or part-time <strong>Physiotherapist <\/strong>for our clinics in Candiac, Ch\u00e2teauguay, La Prairie or St-Constant, depending on your preference.<\/li>\n<\/ul>\n<p style=\"caret-color: #000000; color: #000000;\" data-start=\"341\" data-end=\"413\">We are a welcoming clinic with a multidisciplinary team and a friendly work environment. In addition, mentorship, competitive working conditions and personalized support are offered.&nbsp;<\/p>\n<p style=\"caret-color: #000000; color: #000000;\" data-start=\"341\" data-end=\"413\">Please&nbsp;send&nbsp;your&nbsp;CV using&nbsp;the&nbsp;contact&nbsp;form&nbsp;below.<\/p>\n<p style=\"caret-color: #000000; color: #000000;\" data-start=\"415\" data-end=\"632\">You would like to join our team but your profession is not listed above? Feel free to express&nbsp;your interest through our contact form. We are always looking for passionate and talented individuals to join our team!<\/p>\n<p style=\"caret-color: #000000; color: #000000;\" data-start=\"634\" data-end=\"676\" data-is-last-node=\"\" data-is-only-node=\"\">Thank&nbsp;you&nbsp;for&nbsp;your&nbsp;interest&nbsp;in&nbsp;our&nbsp;clinic.<\/p>\t\t\t\t\t\t\t\t<\/div>\n\t\t\t\t<\/div>\n\t\t\t\t\t<\/div>\n\t\t<\/div>\n\t\t\t\t\t<\/div>\n\t\t<\/section>\n\t\t\t\t<section class=\"elementor-section elementor-top-section elementor-element elementor-element-5fb43264 elementor-section-boxed elementor-section-height-default elementor-section-height-default\" data-id=\"5fb43264\" data-element_type=\"section\">\n\t\t\t\t\t\t<div class=\"elementor-container elementor-column-gap-default\">\n\t\t\t\t\t<div class=\"elementor-column elementor-col-100 elementor-top-column elementor-element elementor-element-39d65d9d\" data-id=\"39d65d9d\" data-element_type=\"column\">\n\t\t\t<div class=\"elementor-widget-wrap elementor-element-populated\">\n\t\t\t\t\t\t<div class=\"elementor-element elementor-element-84044b6 elementor-widget elementor-widget-formidable\" data-id=\"84044b6\" data-element_type=\"widget\" data-widget_type=\"formidable.default\">\n\t\t\t\t<div class=\"elementor-widget-container\">\n\t\t\t\t\t<div class=\"frm_forms  with_frm_style frm_style_formidable-style\" id=\"frm_form_3_container\" data-token=\"819ee1926fb08c572d819cfc56508aa5\">\n<form enctype=\"multipart\/form-data\" method=\"post\" class=\"frm-show-form  frm_pro_form \" id=\"form_contact-form2\" data-token=\"819ee1926fb08c572d819cfc56508aa5\">\n<div class=\"frm_form_fields \">\n<fieldset>\n<legend class=\"frm_screen_reader\">Job<\/legend>\r\n\r\n<div class=\"frm_fields_container\">\n<input type=\"hidden\" name=\"frm_action\" value=\"create\" \/>\n<input type=\"hidden\" name=\"form_id\" value=\"3\" \/>\n<input type=\"hidden\" name=\"frm_hide_fields_3\" id=\"frm_hide_fields_3\" value=\"\" \/>\n<input type=\"hidden\" name=\"form_key\" value=\"contact-form2\" \/>\n<input type=\"hidden\" name=\"item_meta[0]\" value=\"\" \/>\n<input type=\"hidden\" id=\"frm_submit_entry_3\" name=\"frm_submit_entry_3\" value=\"99ef1f7084\" \/><input type=\"hidden\" name=\"_wp_http_referer\" value=\"\/en\/wp-json\/wp\/v2\/pages\/14075\" \/><div id=\"frm_field_13_container\" class=\"frm_form_field form-field  frm_required_field frm_top_container frm_first frm_half\">\r\n    <label for=\"field_qh4icy2\" id=\"field_qh4icy2_label\" class=\"frm_primary_label\">First name\r\n        <span class=\"frm_required\" aria-hidden=\"true\">*<\/span>\r\n    <\/label>\r\n    <input  type=\"text\" id=\"field_qh4icy2\" name=\"item_meta[13]\" value=\"\"  data-reqmsg=\"Ce champ ne peut pas \u00eatre vide\" aria-required=\"true\" data-invmsg=\"Name est non valide\" aria-invalid=\"false\"   \/>\r\n    \r\n    \r\n<\/div>\n<div id=\"frm_field_14_container\" class=\"frm_form_field form-field  frm_required_field frm_hidden_container frm_half\">\r\n    <label for=\"field_ocfup12\" id=\"field_ocfup12_label\" class=\"frm_primary_label\">Last name\r\n        <span class=\"frm_required\" aria-hidden=\"true\">*<\/span>\r\n    <\/label>\r\n    <input  type=\"text\" id=\"field_ocfup12\" name=\"item_meta[14]\" value=\"\"  data-reqmsg=\"Ce champ ne peut pas \u00eatre vide\" aria-required=\"true\" data-invmsg=\"Last est non valide\" aria-invalid=\"false\"   \/>\r\n    \r\n    \r\n<\/div>\n<div id=\"frm_field_15_container\" class=\"frm_form_field form-field  frm_required_field frm_top_container frm_full\">\r\n    <label for=\"field_29yf4d2\" id=\"field_29yf4d2_label\" class=\"frm_primary_label\">Email\r\n        <span class=\"frm_required\" aria-hidden=\"true\">*<\/span>\r\n    <\/label>\r\n    <input type=\"email\" id=\"field_29yf4d2\" name=\"item_meta[15]\" value=\"\"  data-reqmsg=\"Email cannot be empty\" aria-required=\"true\" data-invmsg=\"Please enter a valid email address\" aria-invalid=\"false\"  \/>\r\n    \r\n    \r\n<\/div>\n<div id=\"frm_field_16_container\" class=\"frm_form_field form-field  frm_required_field frm_top_container frm_full\">\r\n    <label for=\"field_e6lis62\" id=\"field_e6lis62_label\" class=\"frm_primary_label\">Subject\r\n        <span class=\"frm_required\" aria-hidden=\"true\">*<\/span>\r\n    <\/label>\r\n    <input  type=\"text\" id=\"field_e6lis62\" name=\"item_meta[16]\" value=\"\"  data-reqmsg=\"Subject cannot be empty\" aria-required=\"true\" data-invmsg=\"Subject est non valide\" aria-invalid=\"false\"   \/>\r\n    \r\n    \r\n<\/div>\n<div id=\"frm_field_19_container\" class=\"frm_form_field form-field  frm_top_container\">\r\n\t<label for=\"field_ff0dg\" id=\"field_ff0dg_label\" class=\"frm_primary_label\">Submit your documents here\r\n\t\t<span class=\"frm_required\" aria-hidden=\"true\"><\/span>\r\n\t<\/label>\r\n\t<input type=\"hidden\"  data-invmsg=\"Submit your documents here is not valid\" aria-invalid=\"false\"   name=\"item_meta[19][]\"  value=\"\" data-frmfile=\"19\" \/>\n\n<div class=\"frm_dropzone frm_multi_upload frm_clearfix\" id=\"file19_dropzone\" role=\"group\" >\n\t<div class=\"fallback\">\n\t\t<input type=\"file\" name=\"file19[]\" id=\"field_ff0dg\"\n\t\t\t data-frmfile=\"19\" multiple=\"multiple\"  data-invmsg=\"Submit your documents here is not valid\" aria-invalid=\"false\"  \t\t\t\/>\n\t\t\t\t<div class=\"frm_clearfix \"><\/div>\n\t<\/div>\n\t<div class=\"dz-message needsclick\">\n\t\t\t\t<svg  viewBox=\"0 0 18 18\" class=\"frmsvg frm-svg-icon\">\n\t<path viewBox=\"0 0 18 18\" fill-rule=\"evenodd\" clip-rule=\"evenodd\" d=\"M8.2 4v8a.8.8 0 001.5 0V4l2.1 2.2A.7.7 0 1013 5L9.5 1.7a.7.7 0 00-1.1 0L5.1 5.2a.8.8 0 001 1l2.1-2zm7.6 4.3c.4 0 .7.3.7.7v6.8c0 .4-.3.7-.8.7H2.3a.8.8 0 01-.8-.8V9A.8.8 0 013 9v6h12V9c0-.4.3-.8.8-.8z\"><\/path>\n<\/svg>\t\t<span class=\"frm_upload_text\"><button type=\"button\" aria-label=\"Submit your documents here. D\u00e9poser un fichier ici ou cliquer pour t\u00e9l\u00e9charger. Maximum file size: 52.43MB\">D\u00e9poser un fichier ici ou cliquer pour t\u00e9l\u00e9charger<\/button><\/span>\n\t\t<span class=\"frm_compact_text\"><button type=\"button\" aria-label=\"Submit your documents here. Choisir un fichier. Maximum file size: 52.43MB\">Choisir un fichier<\/button><\/span>\n\t\t<div class=\"frm_small_text\">\n\t\t\t<p>Maximum file size: 52.43MB<\/p>\n\t\t<\/div>\n\t<\/div>\n<\/div>\n\t\r\n\t\r\n\t\r\n<\/div>\n<div id=\"frm_field_17_container\" class=\"frm_form_field form-field  frm_required_field frm_top_container frm_full\">\r\n    <label for=\"field_9jv0r12\" id=\"field_9jv0r12_label\" class=\"frm_primary_label\">Message\r\n        <span class=\"frm_required\" aria-hidden=\"true\">*<\/span>\r\n    <\/label>\r\n    <textarea name=\"item_meta[17]\" id=\"field_9jv0r12\" rows=\"5\"  data-reqmsg=\"Message cannot be empty\" aria-required=\"true\" data-invmsg=\"Message est non valide\" aria-invalid=\"false\"  ><\/textarea>\r\n    \r\n    \r\n<\/div>\n<div id=\"frm_field_18_container\" class=\"frm_form_field form-field \">\r\n\t<div class=\"frm_submit\">\r\n\r\n<button class=\"frm_button_submit frm_final_submit\" type=\"submit\"   formnovalidate=\"formnovalidate\">Submit<\/button>\r\n\r\n<\/div>\r\n<\/div>\n\t<input type=\"hidden\" name=\"item_key\" value=\"\" \/>\n\t\t\t<div id=\"frm_field_21_container\">\n\t\t\t<label for=\"field_8k5oc\" >\n\t\t\t\tIf you are human, leave this field blank.\t\t\t<\/label>\n\t\t\t<input  id=\"field_8k5oc\" type=\"text\" class=\"frm_form_field form-field frm_verify\" name=\"item_meta[21]\" value=\"\"  \/>\n\t\t<\/div>\n\t\t<input name=\"frm_state\" type=\"hidden\" value=\"uTFJdvzQfpVrvFC2qwKqDtGncbggMAkQrUMTQyT1lrOnQFww34oLWkZCe\/8x1rbl\" \/><\/div>\n<\/fieldset>\n<\/div>\n\n<\/form>\n<\/div>\n\t\t\t\t<\/div>\n\t\t\t\t<\/div>\n\t\t\t\t\t<\/div>\n\t\t<\/div>\n\t\t\t\t\t<\/div>\n\t\t<\/section>\n\t\t\t\t<\/div>\n\t\t","protected":false},"excerpt":{"rendered":"<p>We&nbsp;are&nbsp;currently&nbsp;looking&nbsp;for : A full-time or part-time Physiotherapist for our clinics in Candiac, Ch\u00e2teauguay, La Prairie or St-Constant, depending on your preference. We are a welcoming clinic with a multidisciplinary team and a friendly work environment. In addition, mentorship, competitive working conditions and personalized support are offered.&nbsp; Please&nbsp;send&nbsp;your&nbsp;CV using&nbsp;the&nbsp;contact&nbsp;form&nbsp;below. You would like to join our team [&#8230;]<\/p>\n","protected":false},"author":1,"featured_media":12003,"parent":0,"menu_order":0,"comment_status":"open","ping_status":"open","template":"","meta":{"_acf_changed":false,"inline_featured_image":false,"footnotes":""},"class_list":["post-14075","page","type-page","status-publish","has-post-thumbnail","hentry"],"acf":[],"yoast_head":"<!-- This site is optimized with the Yoast SEO plugin v26.7 - https:\/\/yoast.com\/wordpress\/plugins\/seo\/ -->\n<title>Careers - Clinique de r\u00e9adaptation physique Roussillon<\/title>\n<meta name=\"robots\" content=\"index, follow, max-snippet:-1, max-image-preview:large, max-video-preview:-1\" \/>\n<link rel=\"canonical\" href=\"https:\/\/physioroussillon.com\/en\/careers\/\" \/>\n<meta property=\"og:locale\" content=\"en_US\" \/>\n<meta property=\"og:type\" content=\"article\" \/>\n<meta property=\"og:title\" content=\"Careers - Clinique de r\u00e9adaptation physique Roussillon\" \/>\n<meta property=\"og:description\" content=\"We&nbsp;are&nbsp;currently&nbsp;looking&nbsp;for : A full-time or part-time Physiotherapist for our clinics in Candiac, Ch\u00e2teauguay, La Prairie or St-Constant, depending on your preference. We are a welcoming clinic with a multidisciplinary team and a friendly work environment. In addition, mentorship, competitive working conditions and personalized support are offered.&nbsp; Please&nbsp;send&nbsp;your&nbsp;CV using&nbsp;the&nbsp;contact&nbsp;form&nbsp;below. You would like to join our team [...]\" \/>\n<meta property=\"og:url\" content=\"https:\/\/physioroussillon.com\/en\/careers\/\" \/>\n<meta property=\"og:site_name\" content=\"Clinique de r\u00e9adaptation physique Roussillon\" \/>\n<meta property=\"article:modified_time\" content=\"2026-03-11T18:49:56+00:00\" \/>\n<meta property=\"og:image\" content=\"https:\/\/physioroussillon.com\/wp-content\/uploads\/2024\/05\/service-kinesiologie.jpg\" \/>\n\t<meta property=\"og:image:width\" content=\"1500\" \/>\n\t<meta property=\"og:image:height\" content=\"1000\" \/>\n\t<meta property=\"og:image:type\" content=\"image\/jpeg\" \/>\n<meta name=\"twitter:card\" content=\"summary_large_image\" \/>\n<meta name=\"twitter:label1\" content=\"Est. reading time\" \/>\n\t<meta name=\"twitter:data1\" content=\"1 minute\" \/>\n<script type=\"application\/ld+json\" class=\"yoast-schema-graph\">{\"@context\":\"https:\/\/schema.org\",\"@graph\":[{\"@type\":\"WebPage\",\"@id\":\"https:\/\/physioroussillon.com\/en\/careers\/\",\"url\":\"https:\/\/physioroussillon.com\/en\/careers\/\",\"name\":\"Careers - Clinique de r\u00e9adaptation physique Roussillon\",\"isPartOf\":{\"@id\":\"https:\/\/physioroussillon.com\/en\/#website\"},\"primaryImageOfPage\":{\"@id\":\"https:\/\/physioroussillon.com\/en\/careers\/#primaryimage\"},\"image\":{\"@id\":\"https:\/\/physioroussillon.com\/en\/careers\/#primaryimage\"},\"thumbnailUrl\":\"https:\/\/physioroussillon.com\/wp-content\/uploads\/2024\/05\/service-kinesiologie.jpg\",\"datePublished\":\"2024-10-18T15:20:18+00:00\",\"dateModified\":\"2026-03-11T18:49:56+00:00\",\"breadcrumb\":{\"@id\":\"https:\/\/physioroussillon.com\/en\/careers\/#breadcrumb\"},\"inLanguage\":\"en-US\",\"potentialAction\":[{\"@type\":\"ReadAction\",\"target\":[\"https:\/\/physioroussillon.com\/en\/careers\/\"]}]},{\"@type\":\"ImageObject\",\"inLanguage\":\"en-US\",\"@id\":\"https:\/\/physioroussillon.com\/en\/careers\/#primaryimage\",\"url\":\"https:\/\/physioroussillon.com\/wp-content\/uploads\/2024\/05\/service-kinesiologie.jpg\",\"contentUrl\":\"https:\/\/physioroussillon.com\/wp-content\/uploads\/2024\/05\/service-kinesiologie.jpg\",\"width\":1500,\"height\":1000,\"caption\":\"Service kine\u0301siologie\"},{\"@type\":\"BreadcrumbList\",\"@id\":\"https:\/\/physioroussillon.com\/en\/careers\/#breadcrumb\",\"itemListElement\":[{\"@type\":\"ListItem\",\"position\":1,\"name\":\"Home\",\"item\":\"https:\/\/physioroussillon.com\/en\/\"},{\"@type\":\"ListItem\",\"position\":2,\"name\":\"Careers\"}]},{\"@type\":\"WebSite\",\"@id\":\"https:\/\/physioroussillon.com\/en\/#website\",\"url\":\"https:\/\/physioroussillon.com\/en\/\",\"name\":\"Clinique de r\u00e9adaptation physique Roussillon\",\"description\":\"\",\"publisher\":{\"@id\":\"https:\/\/physioroussillon.com\/en\/#organization\"},\"potentialAction\":[{\"@type\":\"SearchAction\",\"target\":{\"@type\":\"EntryPoint\",\"urlTemplate\":\"https:\/\/physioroussillon.com\/en\/?s={search_term_string}\"},\"query-input\":{\"@type\":\"PropertyValueSpecification\",\"valueRequired\":true,\"valueName\":\"search_term_string\"}}],\"inLanguage\":\"en-US\"},{\"@type\":\"Organization\",\"@id\":\"https:\/\/physioroussillon.com\/en\/#organization\",\"name\":\"Clinique de r\u00e9adaptation physique Roussillon\",\"url\":\"https:\/\/physioroussillon.com\/en\/\",\"logo\":{\"@type\":\"ImageObject\",\"inLanguage\":\"en-US\",\"@id\":\"https:\/\/physioroussillon.com\/en\/#\/schema\/logo\/image\/\",\"url\":\"https:\/\/physioroussillon.com\/wp-content\/uploads\/2022\/04\/Gravite-Marketing-light.png\",\"contentUrl\":\"https:\/\/physioroussillon.com\/wp-content\/uploads\/2022\/04\/Gravite-Marketing-light.png\",\"width\":1272,\"height\":477,\"caption\":\"Clinique de r\u00e9adaptation physique Roussillon\"},\"image\":{\"@id\":\"https:\/\/physioroussillon.com\/en\/#\/schema\/logo\/image\/\"}}]}<\/script>\n<!-- \/ Yoast SEO plugin. -->","yoast_head_json":{"title":"Careers - Clinique de r\u00e9adaptation physique Roussillon","robots":{"index":"index","follow":"follow","max-snippet":"max-snippet:-1","max-image-preview":"max-image-preview:large","max-video-preview":"max-video-preview:-1"},"canonical":"https:\/\/physioroussillon.com\/en\/careers\/","og_locale":"en_US","og_type":"article","og_title":"Careers - Clinique de r\u00e9adaptation physique Roussillon","og_description":"We&nbsp;are&nbsp;currently&nbsp;looking&nbsp;for : A full-time or part-time Physiotherapist for our clinics in Candiac, Ch\u00e2teauguay, La Prairie or St-Constant, depending on your preference. We are a welcoming clinic with a multidisciplinary team and a friendly work environment. In addition, mentorship, competitive working conditions and personalized support are offered.&nbsp; Please&nbsp;send&nbsp;your&nbsp;CV using&nbsp;the&nbsp;contact&nbsp;form&nbsp;below. You would like to join our team [...]","og_url":"https:\/\/physioroussillon.com\/en\/careers\/","og_site_name":"Clinique de r\u00e9adaptation physique Roussillon","article_modified_time":"2026-03-11T18:49:56+00:00","og_image":[{"width":1500,"height":1000,"url":"https:\/\/physioroussillon.com\/wp-content\/uploads\/2024\/05\/service-kinesiologie.jpg","type":"image\/jpeg"}],"twitter_card":"summary_large_image","twitter_misc":{"Est. reading time":"1 minute"},"schema":{"@context":"https:\/\/schema.org","@graph":[{"@type":"WebPage","@id":"https:\/\/physioroussillon.com\/en\/careers\/","url":"https:\/\/physioroussillon.com\/en\/careers\/","name":"Careers - Clinique de r\u00e9adaptation physique Roussillon","isPartOf":{"@id":"https:\/\/physioroussillon.com\/en\/#website"},"primaryImageOfPage":{"@id":"https:\/\/physioroussillon.com\/en\/careers\/#primaryimage"},"image":{"@id":"https:\/\/physioroussillon.com\/en\/careers\/#primaryimage"},"thumbnailUrl":"https:\/\/physioroussillon.com\/wp-content\/uploads\/2024\/05\/service-kinesiologie.jpg","datePublished":"2024-10-18T15:20:18+00:00","dateModified":"2026-03-11T18:49:56+00:00","breadcrumb":{"@id":"https:\/\/physioroussillon.com\/en\/careers\/#breadcrumb"},"inLanguage":"en-US","potentialAction":[{"@type":"ReadAction","target":["https:\/\/physioroussillon.com\/en\/careers\/"]}]},{"@type":"ImageObject","inLanguage":"en-US","@id":"https:\/\/physioroussillon.com\/en\/careers\/#primaryimage","url":"https:\/\/physioroussillon.com\/wp-content\/uploads\/2024\/05\/service-kinesiologie.jpg","contentUrl":"https:\/\/physioroussillon.com\/wp-content\/uploads\/2024\/05\/service-kinesiologie.jpg","width":1500,"height":1000,"caption":"Service kine\u0301siologie"},{"@type":"BreadcrumbList","@id":"https:\/\/physioroussillon.com\/en\/careers\/#breadcrumb","itemListElement":[{"@type":"ListItem","position":1,"name":"Home","item":"https:\/\/physioroussillon.com\/en\/"},{"@type":"ListItem","position":2,"name":"Careers"}]},{"@type":"WebSite","@id":"https:\/\/physioroussillon.com\/en\/#website","url":"https:\/\/physioroussillon.com\/en\/","name":"Clinique de r\u00e9adaptation physique Roussillon","description":"","publisher":{"@id":"https:\/\/physioroussillon.com\/en\/#organization"},"potentialAction":[{"@type":"SearchAction","target":{"@type":"EntryPoint","urlTemplate":"https:\/\/physioroussillon.com\/en\/?s={search_term_string}"},"query-input":{"@type":"PropertyValueSpecification","valueRequired":true,"valueName":"search_term_string"}}],"inLanguage":"en-US"},{"@type":"Organization","@id":"https:\/\/physioroussillon.com\/en\/#organization","name":"Clinique de r\u00e9adaptation physique Roussillon","url":"https:\/\/physioroussillon.com\/en\/","logo":{"@type":"ImageObject","inLanguage":"en-US","@id":"https:\/\/physioroussillon.com\/en\/#\/schema\/logo\/image\/","url":"https:\/\/physioroussillon.com\/wp-content\/uploads\/2022\/04\/Gravite-Marketing-light.png","contentUrl":"https:\/\/physioroussillon.com\/wp-content\/uploads\/2022\/04\/Gravite-Marketing-light.png","width":1272,"height":477,"caption":"Clinique de r\u00e9adaptation physique Roussillon"},"image":{"@id":"https:\/\/physioroussillon.com\/en\/#\/schema\/logo\/image\/"}}]}},"_links":{"self":[{"href":"https:\/\/physioroussillon.com\/en\/wp-json\/wp\/v2\/pages\/14075","targetHints":{"allow":["GET"]}}],"collection":[{"href":"https:\/\/physioroussillon.com\/en\/wp-json\/wp\/v2\/pages"}],"about":[{"href":"https:\/\/physioroussillon.com\/en\/wp-json\/wp\/v2\/types\/page"}],"author":[{"embeddable":true,"href":"https:\/\/physioroussillon.com\/en\/wp-json\/wp\/v2\/users\/1"}],"replies":[{"embeddable":true,"href":"https:\/\/physioroussillon.com\/en\/wp-json\/wp\/v2\/comments?post=14075"}],"version-history":[{"count":0,"href":"https:\/\/physioroussillon.com\/en\/wp-json\/wp\/v2\/pages\/14075\/revisions"}],"wp:featuredmedia":[{"embeddable":true,"href":"https:\/\/physioroussillon.com\/en\/wp-json\/wp\/v2\/media\/12003"}],"wp:attachment":[{"href":"https:\/\/physioroussillon.com\/en\/wp-json\/wp\/v2\/media?parent=14075"}],"curies":[{"name":"wp","href":"https:\/\/api.w.org\/{rel}","templated":true}]}}